{"id":202,"date":"2012-06-07T21:15:14","date_gmt":"2012-06-07T20:15:14","guid":{"rendered":"http:\/\/friseur-haensel.de\/?page_id=202"},"modified":"2022-03-02T17:56:27","modified_gmt":"2022-03-02T16:56:27","slug":"kontakt","status":"publish","type":"page","link":"https:\/\/friseur-kosmetik-haensel.de\/?page_id=202","title":{"rendered":"Kontakt"},"content":{"rendered":"<p style=\"text-align: left;\">Wir hoffen, dass wir Ihnen mit unserer Website alle Informationen geboten haben, die Sie brauchten. Sollten Sie noch weitere Fragen, Anregungen und Kritiken haben, dann rufen Sie doch einfach an oder schicken Sie uns eine email. Wir freuen uns schon darauf!<\/p>\n<p>&nbsp;<\/p>\n<p>&nbsp;<\/p>\n<p>&nbsp;<\/p>\n<p><center><a href=\"javascript:secureDecryptAndNavigate('LM\/0wcIs4AnS+DvynTQq0X\/CsvEmNtwVBUtDM6DTIajR3k8iJl8AekZoTTdxmlcfPn67xROscf99Cwo6xScNWmXZ+4iyimrC+piKpP4ogQEcllEgyP\/o5kDOOOaQlE11ag==', 'c15830157cb8025f6c55ee4327eca460213b06a45a7ead1c70254f90d68abdc4')\">Birgit.Haensel[at]friseur-kosmetik-haensel.de<\/a>&nbsp;<\/center>Sind Sie neugierig geworden und m\u00f6chten sich selbst von unserem K\u00f6nnen \u00fcberzeugen, rufen Sie uns an um einen Termin zu vereinbaren oder kommen Sie vorbei.<\/p>\n<p>&nbsp;<\/p>\n<p>&nbsp;<\/p>\n<p>&nbsp;<\/p>\n<p>&nbsp;<\/p>\n<p>&nbsp;<\/p>\n<p>&nbsp;<\/p>\n<p><center>Friseursalon und Kosmetiksalon<br \/>\nBirgit H\u00e4nsel<br \/>\nDohnaer Stra\u00dfe 24<br \/>\n01219 Dresden<\/center>&nbsp;<\/p>\n<p>&nbsp;<\/p>\n<p style=\"text-align: center;\">Tel.: 0351\/4726543<\/p>\n<table border=\"0\">\n<tbody>\n<tr>\n<td style=\"text-align: center;\" colspan=\"2\">&nbsp;Unsere \u00d6ffnungszeiten:<\/td>\n<\/tr>\n<tr>\n<td>&nbsp;<\/td>\n<td>&nbsp;<\/td>\n<\/tr>\n<tr>\n<td>&nbsp;<\/td>\n<td>&nbsp;<\/td>\n<\/tr>\n<tr>\n<td>&nbsp;<\/td>\n<td>&nbsp;<\/td>\n<\/tr>\n<tr>\n<td>Dienstag<\/td>\n<td>9.00 bis 19.00 Uhr<\/td>\n<\/tr>\n<tr>\n<td>&nbsp;<\/td>\n<td>&nbsp;<\/td>\n<\/tr>\n<tr>\n<td>Mittwoch<\/td>\n<td>9.00 bis 19.00 Uhr<\/td>\n<\/tr>\n<tr>\n<td>&nbsp;<\/td>\n<td>&nbsp;<\/td>\n<\/tr>\n<tr>\n<td>Donnerstag<\/td>\n<td>9.00 bis 19.00 Uhr<\/td>\n<\/tr>\n<tr>\n<td>&nbsp;<\/td>\n<td>&nbsp;<\/td>\n<\/tr>\n<tr>\n<td>Freitag<\/td>\n<td>9.00 bis 19.00 Uhr<\/td>\n<\/tr>\n<tr>\n<td>&nbsp;<\/td>\n<td>&nbsp;<\/td>\n<\/tr>\n<tr>\n<td>&nbsp;<\/td>\n<td>&nbsp;<\/td>\n<\/tr>\n<tr>\n<td>&nbsp;<\/td>\n<td>&nbsp;<\/td>\n<\/tr>\n<tr>\n<td colspan=\"2\">&nbsp;<\/td>\n<\/tr>\n<\/tbody>\n<\/table>\n<p>&nbsp;<\/p>\n","protected":false},"excerpt":{"rendered":"<p>Wir hoffen, dass wir Ihnen mit unserer Website alle Informationen geboten haben, die Sie brauchten. Sollten Sie noch weitere Fragen, Anregungen und Kritiken haben, dann rufen Sie doch einfach an oder schicken Sie uns eine email. Wir freuen uns schon &hellip; <a href=\"https:\/\/friseur-kosmetik-haensel.de\/?page_id=202\">Weiterlesen <span class=\"meta-nav\">&rarr;<\/span><\/a><\/p>\n","protected":false},"author":3,"featured_media":0,"parent":0,"menu_order":7,"comment_status":"closed","ping_status":"closed","template":"onecolumn-page.php","meta":{"_monsterinsights_skip_tracking":false,"_monsterinsights_sitenote_active":false,"_monsterinsights_sitenote_note":"","_monsterinsights_sitenote_category":0,"ngg_post_thumbnail":0,"footnotes":"","_links_to":"","_links_to_target":""},"class_list":["post-202","page","type-page","status-publish","hentry"],"aioseo_notices":[],"_links":{"self":[{"href":"https:\/\/friseur-kosmetik-haensel.de\/index.php?rest_route=\/wp\/v2\/pages\/202","targetHints":{"allow":["GET"]}}],"collection":[{"href":"https:\/\/friseur-kosmetik-haensel.de\/index.php?rest_route=\/wp\/v2\/pages"}],"about":[{"href":"https:\/\/friseur-kosmetik-haensel.de\/index.php?rest_route=\/wp\/v2\/types\/page"}],"author":[{"embeddable":true,"href":"https:\/\/friseur-kosmetik-haensel.de\/index.php?rest_route=\/wp\/v2\/users\/3"}],"replies":[{"embeddable":true,"href":"https:\/\/friseur-kosmetik-haensel.de\/index.php?rest_route=%2Fwp%2Fv2%2Fcomments&post=202"}],"version-history":[{"count":17,"href":"https:\/\/friseur-kosmetik-haensel.de\/index.php?rest_route=\/wp\/v2\/pages\/202\/revisions"}],"predecessor-version":[{"id":1060,"href":"https:\/\/friseur-kosmetik-haensel.de\/index.php?rest_route=\/wp\/v2\/pages\/202\/revisions\/1060"}],"wp:attachment":[{"href":"https:\/\/friseur-kosmetik-haensel.de\/index.php?rest_route=%2Fwp%2Fv2%2Fmedia&parent=202"}],"curies":[{"name":"wp","href":"https:\/\/api.w.org\/{rel}","templated":true}]}}