{"id":57,"date":"2011-11-05T13:59:32","date_gmt":"2011-11-05T12:59:32","guid":{"rendered":"http:\/\/friseur-haensel.de\/?page_id=57"},"modified":"2022-03-02T17:37:20","modified_gmt":"2022-03-02T16:37:20","slug":"team","status":"publish","type":"page","link":"https:\/\/friseur-kosmetik-haensel.de\/?page_id=57","title":{"rendered":"Team"},"content":{"rendered":"<p>&nbsp;<\/p>\n<table style=\"width: 98.0121%; height: 1509px;\" cellspacing=\"1\" cellpadding=\"1\" border=\"1\" align=\"center\">\n<tbody>\n<tr style=\"height: 302px;\">\n<td style=\"vertical-align: top; height: 302px; width: 51.503%;\">Mein Name ist Birgit Marquardt.&nbsp;&nbsp;&nbsp;&nbsp;\n<p>&nbsp;<\/p>\n<p>&nbsp;<\/p>\n<p>&nbsp;<\/p>\n<p>&nbsp;<\/p>\n<p>&nbsp;<\/p>\n<p>&nbsp;<\/p>\n<p>Ich bin die Chefin von einem hoch motivierten Team. Ich habe 1990 meinen Friseurmeister abgeschlossen, f\u00fcr eine Genossenschaft drei Salons aufgebaut, reichlich Erfahrung gesammelt und am 01.08.1997 den Schritt in die Selbst\u00e4ndigkeit gewagt. Meine Anspr\u00fcche an die Mitarbeiter sind sehr hoch. Ich lege gro\u00dfen Wert auf regelm\u00e4\u00dfige Weiterbildung und besuche selber sehr h\u00e4ufig internationale Seminare.<\/p>\n<\/td>\n<td style=\"height: 302px; width: 48.2966%;\"><span style=\"color: #ffffff;\"><img loading=\"lazy\" decoding=\"async\" class=\"alignnone wp-image-636 size-medium\" src=\"http:\/\/friseur-haensel.de\/wp-content\/uploads\/2011\/11\/webIMGL8208-edit-web-200x300.jpg\" alt=\"Birgit H\u00e4nsel Friseurmeisterin\" width=\"200\" height=\"300\" srcset=\"https:\/\/friseur-kosmetik-haensel.de\/wp-content\/uploads\/2011\/11\/webIMGL8208-edit-web-200x300.jpg 200w, https:\/\/friseur-kosmetik-haensel.de\/wp-content\/uploads\/2011\/11\/webIMGL8208-edit-web.jpg 427w\" sizes=\"auto, (max-width: 200px) 100vw, 200px\" \/><\/span><\/td>\n<\/tr>\n<tr style=\"height: 302px;\">\n<td style=\"height: 302px; width: 51.503%;\"><img loading=\"lazy\" decoding=\"async\" class=\"alignnone wp-image-734 size-medium\" src=\"https:\/\/friseur-kosmetik-haensel.de\/wp-content\/uploads\/2019\/09\/IMG_6044-300x289.jpg\" alt=\"\" width=\"300\" height=\"289\" srcset=\"https:\/\/friseur-kosmetik-haensel.de\/wp-content\/uploads\/2019\/09\/IMG_6044-300x289.jpg 300w, https:\/\/friseur-kosmetik-haensel.de\/wp-content\/uploads\/2019\/09\/IMG_6044-768x739.jpg 768w, https:\/\/friseur-kosmetik-haensel.de\/wp-content\/uploads\/2019\/09\/IMG_6044-1024x986.jpg 1024w\" sizes=\"auto, (max-width: 300px) 100vw, 300px\" \/><\/td>\n<td style=\"vertical-align: top; height: 302px; width: 48.2966%;\">Mein Name ist Simone Masak,&nbsp;&nbsp;&nbsp;&nbsp;\n<p>&nbsp;<\/p>\n<p>&nbsp;<\/p>\n<p>&nbsp;<\/p>\n<p>&nbsp;<\/p>\n<p>ich bin seit 1986 im Beruf. Friseurin war immer schon mein Traumberuf. Kunden zu ver\u00e4ndern und das Optimale aus jedem Typ herauszuholen, ist f\u00fcr mich immer eine neue Herausforderung. Auch in der Freizeit besch\u00e4ftige ich mich viel mit Mode und Frisuren und suche immer nach neuen Trends.<\/p>\n<p>&nbsp;<\/p>\n<\/td>\n<\/tr>\n<tr>\n<td style=\"width: 51.503%;\">&nbsp;<\/td>\n<td style=\"vertical-align: top; width: 48.2966%;\">&nbsp;<\/td>\n<\/tr>\n<tr>\n<td style=\"width: 51.503%;\">\n<p>&nbsp;<\/p>\n<p>&nbsp;<\/p>\n<\/td>\n<td style=\"vertical-align: top; width: 48.2966%;\">\n<p>&nbsp;<\/p>\n<\/td>\n<\/tr>\n<\/tbody>\n<\/table>\n<p>&nbsp;<\/p>\n\n","protected":false},"excerpt":{"rendered":"<p>&nbsp; Mein Name ist Birgit Marquardt.&nbsp;&nbsp;&nbsp;&nbsp; &nbsp; &nbsp; &nbsp; &nbsp; &nbsp; &nbsp; Ich bin die Chefin von einem hoch motivierten Team. Ich habe 1990 meinen Friseurmeister abgeschlossen, f\u00fcr eine Genossenschaft drei Salons aufgebaut, reichlich Erfahrung gesammelt und am 01.08.1997 den &hellip; <a href=\"https:\/\/friseur-kosmetik-haensel.de\/?page_id=57\">Weiterlesen <span class=\"meta-nav\">&rarr;<\/span><\/a><\/p>\n","protected":false},"author":3,"featured_media":0,"parent":0,"menu_order":2,"comment_status":"closed","ping_status":"closed","template":"onecolumn-page.php","meta":{"_monsterinsights_skip_tracking":false,"_monsterinsights_sitenote_active":false,"_monsterinsights_sitenote_note":"","_monsterinsights_sitenote_category":0,"ngg_post_thumbnail":0,"footnotes":"","_links_to":"","_links_to_target":""},"class_list":["post-57","page","type-page","status-publish","hentry"],"aioseo_notices":[],"_links":{"self":[{"href":"https:\/\/friseur-kosmetik-haensel.de\/index.php?rest_route=\/wp\/v2\/pages\/57","targetHints":{"allow":["GET"]}}],"collection":[{"href":"https:\/\/friseur-kosmetik-haensel.de\/index.php?rest_route=\/wp\/v2\/pages"}],"about":[{"href":"https:\/\/friseur-kosmetik-haensel.de\/index.php?rest_route=\/wp\/v2\/types\/page"}],"author":[{"embeddable":true,"href":"https:\/\/friseur-kosmetik-haensel.de\/index.php?rest_route=\/wp\/v2\/users\/3"}],"replies":[{"embeddable":true,"href":"https:\/\/friseur-kosmetik-haensel.de\/index.php?rest_route=%2Fwp%2Fv2%2Fcomments&post=57"}],"version-history":[{"count":100,"href":"https:\/\/friseur-kosmetik-haensel.de\/index.php?rest_route=\/wp\/v2\/pages\/57\/revisions"}],"predecessor-version":[{"id":1054,"href":"https:\/\/friseur-kosmetik-haensel.de\/index.php?rest_route=\/wp\/v2\/pages\/57\/revisions\/1054"}],"wp:attachment":[{"href":"https:\/\/friseur-kosmetik-haensel.de\/index.php?rest_route=%2Fwp%2Fv2%2Fmedia&parent=57"}],"curies":[{"name":"wp","href":"https:\/\/api.w.org\/{rel}","templated":true}]}}